{"id":1734,"date":"2018-02-22T09:35:49","date_gmt":"2018-02-22T14:35:49","guid":{"rendered":"http:\/\/delstarenergie.com\/?page_id=1734"},"modified":"2024-05-08T09:55:21","modified_gmt":"2024-05-08T13:55:21","slug":"incio","status":"publish","type":"page","link":"https:\/\/delstarenergie.com\/es\/","title":{"rendered":"Incio"},"content":{"rendered":"<div id=\"cs-content\" class=\"cs-content\"><\/div>\n","protected":false},"excerpt":{"rendered":"<p>Fabricante de polos para rotores VISITE LA P\u00c1GINA Al servicio de la industria hidroel\u00e9ctrica desde 2001 VISITE LA P\u00c1GINA Energ\u00eda e\u00f3lica y mareomotriz VISITE LA P\u00c1GINA Procesos innovadores para la eliminaci\u00f3n del amianto VISITE LA P\u00c1GINA Fabricante de polos para rotores VISITE LA P\u00c1GINA Fabricante de barras de conexi\u00f3n VISITE LA P\u00c1GINA EL FABRICANTE DE POLOS DE ROTORES M\u00c1S COMFIABLE &#8230; <a href=\"https:\/\/delstarenergie.com\/es\/\" class=\"more-link\">Read More<\/a><\/p>\n","protected":false},"author":3,"featured_media":0,"parent":0,"menu_order":0,"comment_status":"closed","ping_status":"closed","template":"","meta":{"footnotes":""},"class_list":["post-1734","page","type-page","status-publish","hentry","no-post-thumbnail"],"yoast_head":"<!-- This site is optimized with the Yoast SEO plugin v26.8 - https:\/\/yoast.com\/product\/yoast-seo-wordpress\/ -->\n<title>Incio - Delstar Energie<\/title>\n<meta name=\"robots\" content=\"index, follow, max-snippet:-1, max-image-preview:large, max-video-preview:-1\" \/>\n<link rel=\"canonical\" href=\"https:\/\/delstarenergie.com\/es\/incio\/\" \/>\n<meta property=\"og:locale\" content=\"es_ES\" \/>\n<meta property=\"og:type\" content=\"article\" \/>\n<meta property=\"og:title\" content=\"Incio - Delstar Energie\" \/>\n<meta property=\"og:description\" content=\"Fabricante de polos para rotores VISITE LA P\u00c1GINA Al servicio de la industria hidroel\u00e9ctrica desde 2001 VISITE LA P\u00c1GINA Energ\u00eda e\u00f3lica y mareomotriz VISITE LA P\u00c1GINA Procesos innovadores para la eliminaci\u00f3n del amianto VISITE LA P\u00c1GINA Fabricante de polos para rotores VISITE LA P\u00c1GINA Fabricante de barras de conexi\u00f3n VISITE LA P\u00c1GINA EL FABRICANTE DE POLOS DE ROTORES M\u00c1S COMFIABLE ... Read More\" \/>\n<meta property=\"og:url\" content=\"https:\/\/delstarenergie.com\/es\/incio\/\" \/>\n<meta property=\"og:site_name\" content=\"Delstar Energie\" \/>\n<meta property=\"article:modified_time\" content=\"2024-05-08T13:55:21+00:00\" \/>\n<meta name=\"twitter:card\" content=\"summary_large_image\" \/>\n<meta name=\"twitter:label1\" content=\"Tiempo de lectura\" \/>\n\t<meta name=\"twitter:data1\" content=\"15 minutos\" \/>\n<script type=\"application\/ld+json\" class=\"yoast-schema-graph\">{\"@context\":\"https:\/\/schema.org\",\"@graph\":[{\"@type\":\"WebPage\",\"@id\":\"https:\/\/delstarenergie.com\/es\/incio\/\",\"url\":\"https:\/\/delstarenergie.com\/es\/incio\/\",\"name\":\"Incio - Delstar Energie\",\"isPartOf\":{\"@id\":\"https:\/\/delstarenergie.com\/#website\"},\"datePublished\":\"2018-02-22T14:35:49+00:00\",\"dateModified\":\"2024-05-08T13:55:21+00:00\",\"breadcrumb\":{\"@id\":\"https:\/\/delstarenergie.com\/es\/incio\/#breadcrumb\"},\"inLanguage\":\"es\",\"potentialAction\":[{\"@type\":\"ReadAction\",\"target\":[\"https:\/\/delstarenergie.com\/es\/incio\/\"]}]},{\"@type\":\"BreadcrumbList\",\"@id\":\"https:\/\/delstarenergie.com\/es\/incio\/#breadcrumb\",\"itemListElement\":[{\"@type\":\"ListItem\",\"position\":1,\"name\":\"Accueil\",\"item\":\"https:\/\/delstarenergie.com\/es\/incio\/\"},{\"@type\":\"ListItem\",\"position\":2,\"name\":\"Incio\"}]},{\"@type\":\"WebSite\",\"@id\":\"https:\/\/delstarenergie.com\/#website\",\"url\":\"https:\/\/delstarenergie.com\/\",\"name\":\"Delstar Energie\",\"description\":\"Delstar \u00c9nergie\",\"potentialAction\":[{\"@type\":\"SearchAction\",\"target\":{\"@type\":\"EntryPoint\",\"urlTemplate\":\"https:\/\/delstarenergie.com\/?s={search_term_string}\"},\"query-input\":{\"@type\":\"PropertyValueSpecification\",\"valueRequired\":true,\"valueName\":\"search_term_string\"}}],\"inLanguage\":\"es\"}]}<\/script>\n<!-- \/ Yoast SEO plugin. -->","yoast_head_json":{"title":"Incio - Delstar Energie","robots":{"index":"index","follow":"follow","max-snippet":"max-snippet:-1","max-image-preview":"max-image-preview:large","max-video-preview":"max-video-preview:-1"},"canonical":"https:\/\/delstarenergie.com\/es\/incio\/","og_locale":"es_ES","og_type":"article","og_title":"Incio - Delstar Energie","og_description":"Fabricante de polos para rotores VISITE LA P\u00c1GINA Al servicio de la industria hidroel\u00e9ctrica desde 2001 VISITE LA P\u00c1GINA Energ\u00eda e\u00f3lica y mareomotriz VISITE LA P\u00c1GINA Procesos innovadores para la eliminaci\u00f3n del amianto VISITE LA P\u00c1GINA Fabricante de polos para rotores VISITE LA P\u00c1GINA Fabricante de barras de conexi\u00f3n VISITE LA P\u00c1GINA EL FABRICANTE DE POLOS DE ROTORES M\u00c1S COMFIABLE ... Read More","og_url":"https:\/\/delstarenergie.com\/es\/incio\/","og_site_name":"Delstar Energie","article_modified_time":"2024-05-08T13:55:21+00:00","twitter_card":"summary_large_image","twitter_misc":{"Tiempo de lectura":"15 minutos"},"schema":{"@context":"https:\/\/schema.org","@graph":[{"@type":"WebPage","@id":"https:\/\/delstarenergie.com\/es\/incio\/","url":"https:\/\/delstarenergie.com\/es\/incio\/","name":"Incio - Delstar Energie","isPartOf":{"@id":"https:\/\/delstarenergie.com\/#website"},"datePublished":"2018-02-22T14:35:49+00:00","dateModified":"2024-05-08T13:55:21+00:00","breadcrumb":{"@id":"https:\/\/delstarenergie.com\/es\/incio\/#breadcrumb"},"inLanguage":"es","potentialAction":[{"@type":"ReadAction","target":["https:\/\/delstarenergie.com\/es\/incio\/"]}]},{"@type":"BreadcrumbList","@id":"https:\/\/delstarenergie.com\/es\/incio\/#breadcrumb","itemListElement":[{"@type":"ListItem","position":1,"name":"Accueil","item":"https:\/\/delstarenergie.com\/es\/incio\/"},{"@type":"ListItem","position":2,"name":"Incio"}]},{"@type":"WebSite","@id":"https:\/\/delstarenergie.com\/#website","url":"https:\/\/delstarenergie.com\/","name":"Delstar Energie","description":"Delstar \u00c9nergie","potentialAction":[{"@type":"SearchAction","target":{"@type":"EntryPoint","urlTemplate":"https:\/\/delstarenergie.com\/?s={search_term_string}"},"query-input":{"@type":"PropertyValueSpecification","valueRequired":true,"valueName":"search_term_string"}}],"inLanguage":"es"}]}},"_links":{"self":[{"href":"https:\/\/delstarenergie.com\/es\/wp-json\/wp\/v2\/pages\/1734","targetHints":{"allow":["GET"]}}],"collection":[{"href":"https:\/\/delstarenergie.com\/es\/wp-json\/wp\/v2\/pages"}],"about":[{"href":"https:\/\/delstarenergie.com\/es\/wp-json\/wp\/v2\/types\/page"}],"author":[{"embeddable":true,"href":"https:\/\/delstarenergie.com\/es\/wp-json\/wp\/v2\/users\/3"}],"replies":[{"embeddable":true,"href":"https:\/\/delstarenergie.com\/es\/wp-json\/wp\/v2\/comments?post=1734"}],"version-history":[{"count":40,"href":"https:\/\/delstarenergie.com\/es\/wp-json\/wp\/v2\/pages\/1734\/revisions"}],"predecessor-version":[{"id":3408,"href":"https:\/\/delstarenergie.com\/es\/wp-json\/wp\/v2\/pages\/1734\/revisions\/3408"}],"wp:attachment":[{"href":"https:\/\/delstarenergie.com\/es\/wp-json\/wp\/v2\/media?parent=1734"}],"curies":[{"name":"wp","href":"https:\/\/api.w.org\/{rel}","templated":true}]}}