{"id":1060,"date":"2016-04-22T12:54:36","date_gmt":"2016-04-22T16:54:36","guid":{"rendered":"http:\/\/www.productionspolar.com\/Delstar\/?page_id=1060"},"modified":"2024-05-08T09:20:57","modified_gmt":"2024-05-08T13:20:57","slug":"barres-de-connexion-autres-composantes-electriques","status":"publish","type":"page","link":"https:\/\/delstarenergie.com\/fr\/barres-de-connexion-autres-composantes-electriques\/","title":{"rendered":"Barres de connexions et autres composantes \u00e9lectriques"},"content":{"rendered":"<div id=\"cs-content\" class=\"cs-content\"><\/div>\n","protected":false},"excerpt":{"rendered":"","protected":false},"author":3,"featured_media":0,"parent":0,"menu_order":0,"comment_status":"closed","ping_status":"closed","template":"","meta":{"footnotes":""},"class_list":["post-1060","page","type-page","status-publish","hentry","no-post-thumbnail"],"yoast_head":"<!-- This site is optimized with the Yoast SEO plugin v26.8 - https:\/\/yoast.com\/product\/yoast-seo-wordpress\/ -->\n<title>Barres de connexions et autres composantes \u00e9lectriques - Wajax | Delstar<\/title>\n<meta name=\"description\" content=\"Delstar Energie est un manufacturier de barres de connexions de renom ayant la fiert\u00e9 de ses produits de qualit\u00e9 offerts aux manufacturiers de turbines et de moteurs haute puissance partout dans le monde. Faites appel \u00e0 notre expertise pour la fabrication de vos barres de connexion.\" \/>\n<meta name=\"robots\" content=\"index, follow, max-snippet:-1, max-image-preview:large, max-video-preview:-1\" \/>\n<link rel=\"canonical\" href=\"https:\/\/delstarenergie.com\/fr\/barres-de-connexion-autres-composantes-electriques\/\" \/>\n<meta property=\"og:locale\" content=\"fr_FR\" \/>\n<meta property=\"og:type\" content=\"article\" \/>\n<meta property=\"og:title\" content=\"Barres de connexions et autres composantes \u00e9lectriques - Wajax | Delstar\" \/>\n<meta property=\"og:description\" content=\"Delstar Energie est un manufacturier de barres de connexions de renom ayant la fiert\u00e9 de ses produits de qualit\u00e9 offerts aux manufacturiers de turbines et de moteurs haute puissance partout dans le monde. Faites appel \u00e0 notre expertise pour la fabrication de vos barres de connexion.\" \/>\n<meta property=\"og:url\" content=\"https:\/\/delstarenergie.com\/fr\/barres-de-connexion-autres-composantes-electriques\/\" \/>\n<meta property=\"og:site_name\" content=\"Wajax | Delstar\" \/>\n<meta property=\"article:modified_time\" content=\"2024-05-08T13:20:57+00:00\" \/>\n<meta name=\"twitter:card\" content=\"summary_large_image\" \/>\n<meta name=\"twitter:label1\" content=\"Dur\u00e9e de lecture estim\u00e9e\" \/>\n\t<meta name=\"twitter:data1\" content=\"8 minutes\" \/>\n<script type=\"application\/ld+json\" class=\"yoast-schema-graph\">{\"@context\":\"https:\/\/schema.org\",\"@graph\":[{\"@type\":\"WebPage\",\"@id\":\"https:\/\/delstarenergie.com\/fr\/barres-de-connexion-autres-composantes-electriques\/\",\"url\":\"https:\/\/delstarenergie.com\/fr\/barres-de-connexion-autres-composantes-electriques\/\",\"name\":\"Barres de connexions et autres composantes \u00e9lectriques - Wajax | Delstar\",\"isPartOf\":{\"@id\":\"https:\/\/delstarenergie.com\/#website\"},\"datePublished\":\"2016-04-22T16:54:36+00:00\",\"dateModified\":\"2024-05-08T13:20:57+00:00\",\"description\":\"Delstar Energie est un manufacturier de barres de connexions de renom ayant la fiert\u00e9 de ses produits de qualit\u00e9 offerts aux manufacturiers de turbines et de moteurs haute puissance partout dans le monde. Faites appel \u00e0 notre expertise pour la fabrication de vos barres de connexion.\",\"breadcrumb\":{\"@id\":\"https:\/\/delstarenergie.com\/fr\/barres-de-connexion-autres-composantes-electriques\/#breadcrumb\"},\"inLanguage\":\"fr-FR\",\"potentialAction\":[{\"@type\":\"ReadAction\",\"target\":[\"https:\/\/delstarenergie.com\/fr\/barres-de-connexion-autres-composantes-electriques\/\"]}]},{\"@type\":\"BreadcrumbList\",\"@id\":\"https:\/\/delstarenergie.com\/fr\/barres-de-connexion-autres-composantes-electriques\/#breadcrumb\",\"itemListElement\":[{\"@type\":\"ListItem\",\"position\":1,\"name\":\"Accueil\",\"item\":\"https:\/\/delstarenergie.com\/fr\/\"},{\"@type\":\"ListItem\",\"position\":2,\"name\":\"Barres de connexions et autres composantes \u00e9lectriques\"}]},{\"@type\":\"WebSite\",\"@id\":\"https:\/\/delstarenergie.com\/#website\",\"url\":\"https:\/\/delstarenergie.com\/\",\"name\":\"Wajax | Delstar\",\"description\":\"Wajax | Delstar\",\"potentialAction\":[{\"@type\":\"SearchAction\",\"target\":{\"@type\":\"EntryPoint\",\"urlTemplate\":\"https:\/\/delstarenergie.com\/?s={search_term_string}\"},\"query-input\":{\"@type\":\"PropertyValueSpecification\",\"valueRequired\":true,\"valueName\":\"search_term_string\"}}],\"inLanguage\":\"fr-FR\"}]}<\/script>\n<!-- \/ Yoast SEO plugin. -->","yoast_head_json":{"title":"Barres de connexions et autres composantes \u00e9lectriques - Wajax | Delstar","description":"Delstar Energie est un manufacturier de barres de connexions de renom ayant la fiert\u00e9 de ses produits de qualit\u00e9 offerts aux manufacturiers de turbines et de moteurs haute puissance partout dans le monde. Faites appel \u00e0 notre expertise pour la fabrication de vos barres de connexion.","robots":{"index":"index","follow":"follow","max-snippet":"max-snippet:-1","max-image-preview":"max-image-preview:large","max-video-preview":"max-video-preview:-1"},"canonical":"https:\/\/delstarenergie.com\/fr\/barres-de-connexion-autres-composantes-electriques\/","og_locale":"fr_FR","og_type":"article","og_title":"Barres de connexions et autres composantes \u00e9lectriques - Wajax | Delstar","og_description":"Delstar Energie est un manufacturier de barres de connexions de renom ayant la fiert\u00e9 de ses produits de qualit\u00e9 offerts aux manufacturiers de turbines et de moteurs haute puissance partout dans le monde. Faites appel \u00e0 notre expertise pour la fabrication de vos barres de connexion.","og_url":"https:\/\/delstarenergie.com\/fr\/barres-de-connexion-autres-composantes-electriques\/","og_site_name":"Wajax | Delstar","article_modified_time":"2024-05-08T13:20:57+00:00","twitter_card":"summary_large_image","twitter_misc":{"Dur\u00e9e de lecture estim\u00e9e":"8 minutes"},"schema":{"@context":"https:\/\/schema.org","@graph":[{"@type":"WebPage","@id":"https:\/\/delstarenergie.com\/fr\/barres-de-connexion-autres-composantes-electriques\/","url":"https:\/\/delstarenergie.com\/fr\/barres-de-connexion-autres-composantes-electriques\/","name":"Barres de connexions et autres composantes \u00e9lectriques - Wajax | Delstar","isPartOf":{"@id":"https:\/\/delstarenergie.com\/#website"},"datePublished":"2016-04-22T16:54:36+00:00","dateModified":"2024-05-08T13:20:57+00:00","description":"Delstar Energie est un manufacturier de barres de connexions de renom ayant la fiert\u00e9 de ses produits de qualit\u00e9 offerts aux manufacturiers de turbines et de moteurs haute puissance partout dans le monde. Faites appel \u00e0 notre expertise pour la fabrication de vos barres de connexion.","breadcrumb":{"@id":"https:\/\/delstarenergie.com\/fr\/barres-de-connexion-autres-composantes-electriques\/#breadcrumb"},"inLanguage":"fr-FR","potentialAction":[{"@type":"ReadAction","target":["https:\/\/delstarenergie.com\/fr\/barres-de-connexion-autres-composantes-electriques\/"]}]},{"@type":"BreadcrumbList","@id":"https:\/\/delstarenergie.com\/fr\/barres-de-connexion-autres-composantes-electriques\/#breadcrumb","itemListElement":[{"@type":"ListItem","position":1,"name":"Accueil","item":"https:\/\/delstarenergie.com\/fr\/"},{"@type":"ListItem","position":2,"name":"Barres de connexions et autres composantes \u00e9lectriques"}]},{"@type":"WebSite","@id":"https:\/\/delstarenergie.com\/#website","url":"https:\/\/delstarenergie.com\/","name":"Wajax | Delstar","description":"Wajax | Delstar","potentialAction":[{"@type":"SearchAction","target":{"@type":"EntryPoint","urlTemplate":"https:\/\/delstarenergie.com\/?s={search_term_string}"},"query-input":{"@type":"PropertyValueSpecification","valueRequired":true,"valueName":"search_term_string"}}],"inLanguage":"fr-FR"}]}},"_links":{"self":[{"href":"https:\/\/delstarenergie.com\/fr\/wp-json\/wp\/v2\/pages\/1060","targetHints":{"allow":["GET"]}}],"collection":[{"href":"https:\/\/delstarenergie.com\/fr\/wp-json\/wp\/v2\/pages"}],"about":[{"href":"https:\/\/delstarenergie.com\/fr\/wp-json\/wp\/v2\/types\/page"}],"author":[{"embeddable":true,"href":"https:\/\/delstarenergie.com\/fr\/wp-json\/wp\/v2\/users\/3"}],"replies":[{"embeddable":true,"href":"https:\/\/delstarenergie.com\/fr\/wp-json\/wp\/v2\/comments?post=1060"}],"version-history":[{"count":32,"href":"https:\/\/delstarenergie.com\/fr\/wp-json\/wp\/v2\/pages\/1060\/revisions"}],"predecessor-version":[{"id":3391,"href":"https:\/\/delstarenergie.com\/fr\/wp-json\/wp\/v2\/pages\/1060\/revisions\/3391"}],"wp:attachment":[{"href":"https:\/\/delstarenergie.com\/fr\/wp-json\/wp\/v2\/media?parent=1060"}],"curies":[{"name":"wp","href":"https:\/\/api.w.org\/{rel}","templated":true}]}}