{"id":1088,"date":"2016-04-22T14:07:17","date_gmt":"2016-04-22T18:07:17","guid":{"rendered":"http:\/\/www.productionspolar.com\/Delstar\/?page_id=1088"},"modified":"2024-05-08T09:10:31","modified_gmt":"2024-05-08T13:10:31","slug":"energie-eolienne","status":"publish","type":"page","link":"https:\/\/delstarenergie.com\/fr\/energie-eolienne\/","title":{"rendered":"\u00c9nergie \u00e9olienne et hydrolienne"},"content":{"rendered":"<div id=\"cs-content\" class=\"cs-content\"><\/div>\n","protected":false},"excerpt":{"rendered":"","protected":false},"author":3,"featured_media":0,"parent":0,"menu_order":0,"comment_status":"closed","ping_status":"closed","template":"","meta":{"footnotes":""},"class_list":["post-1088","page","type-page","status-publish","hentry","no-post-thumbnail"],"yoast_head":"<!-- This site is optimized with the Yoast SEO plugin v26.8 - https:\/\/yoast.com\/product\/yoast-seo-wordpress\/ -->\n<title>\u00c9nergie \u00e9olienne et hydrolienne - Wajax | Delstar<\/title>\n<meta name=\"description\" content=\"Chez Delstar Energie, nous avons \u00e0 c\u0153ur de livrer aux manufacturiers d&#039;\u00e9quipements g\u00e9n\u00e9rateurs d&#039;\u00e9nergie \u00e9olienne et hydrolienne des stators et p\u00f4les de g\u00e9n\u00e9rateurs de tr\u00e8s grande qualit\u00e9 et r\u00e9pondant aux normes les plus exigeantes.\" \/>\n<meta name=\"robots\" content=\"index, follow, max-snippet:-1, max-image-preview:large, max-video-preview:-1\" \/>\n<link rel=\"canonical\" href=\"https:\/\/delstarenergie.com\/fr\/energie-eolienne\/\" \/>\n<meta property=\"og:locale\" content=\"fr_FR\" \/>\n<meta property=\"og:type\" content=\"article\" \/>\n<meta property=\"og:title\" content=\"\u00c9nergie \u00e9olienne et hydrolienne - Wajax | Delstar\" \/>\n<meta property=\"og:description\" content=\"Chez Delstar Energie, nous avons \u00e0 c\u0153ur de livrer aux manufacturiers d&#039;\u00e9quipements g\u00e9n\u00e9rateurs d&#039;\u00e9nergie \u00e9olienne et hydrolienne des stators et p\u00f4les de g\u00e9n\u00e9rateurs de tr\u00e8s grande qualit\u00e9 et r\u00e9pondant aux normes les plus exigeantes.\" \/>\n<meta property=\"og:url\" content=\"https:\/\/delstarenergie.com\/fr\/energie-eolienne\/\" \/>\n<meta property=\"og:site_name\" content=\"Wajax | Delstar\" \/>\n<meta property=\"article:modified_time\" content=\"2024-05-08T13:10:31+00:00\" \/>\n<meta name=\"twitter:card\" content=\"summary_large_image\" \/>\n<meta name=\"twitter:label1\" content=\"Dur\u00e9e de lecture estim\u00e9e\" \/>\n\t<meta name=\"twitter:data1\" content=\"4 minutes\" \/>\n<script type=\"application\/ld+json\" class=\"yoast-schema-graph\">{\"@context\":\"https:\/\/schema.org\",\"@graph\":[{\"@type\":\"WebPage\",\"@id\":\"https:\/\/delstarenergie.com\/fr\/energie-eolienne\/\",\"url\":\"https:\/\/delstarenergie.com\/fr\/energie-eolienne\/\",\"name\":\"\u00c9nergie \u00e9olienne et hydrolienne - Wajax | Delstar\",\"isPartOf\":{\"@id\":\"https:\/\/delstarenergie.com\/#website\"},\"datePublished\":\"2016-04-22T18:07:17+00:00\",\"dateModified\":\"2024-05-08T13:10:31+00:00\",\"description\":\"Chez Delstar Energie, nous avons \u00e0 c\u0153ur de livrer aux manufacturiers d'\u00e9quipements g\u00e9n\u00e9rateurs d'\u00e9nergie \u00e9olienne et hydrolienne des stators et p\u00f4les de g\u00e9n\u00e9rateurs de tr\u00e8s grande qualit\u00e9 et r\u00e9pondant aux normes les plus exigeantes.\",\"breadcrumb\":{\"@id\":\"https:\/\/delstarenergie.com\/fr\/energie-eolienne\/#breadcrumb\"},\"inLanguage\":\"fr-FR\",\"potentialAction\":[{\"@type\":\"ReadAction\",\"target\":[\"https:\/\/delstarenergie.com\/fr\/energie-eolienne\/\"]}]},{\"@type\":\"BreadcrumbList\",\"@id\":\"https:\/\/delstarenergie.com\/fr\/energie-eolienne\/#breadcrumb\",\"itemListElement\":[{\"@type\":\"ListItem\",\"position\":1,\"name\":\"Accueil\",\"item\":\"https:\/\/delstarenergie.com\/fr\/\"},{\"@type\":\"ListItem\",\"position\":2,\"name\":\"\u00c9nergie \u00e9olienne et hydrolienne\"}]},{\"@type\":\"WebSite\",\"@id\":\"https:\/\/delstarenergie.com\/#website\",\"url\":\"https:\/\/delstarenergie.com\/\",\"name\":\"Wajax | Delstar\",\"description\":\"Wajax | Delstar\",\"potentialAction\":[{\"@type\":\"SearchAction\",\"target\":{\"@type\":\"EntryPoint\",\"urlTemplate\":\"https:\/\/delstarenergie.com\/?s={search_term_string}\"},\"query-input\":{\"@type\":\"PropertyValueSpecification\",\"valueRequired\":true,\"valueName\":\"search_term_string\"}}],\"inLanguage\":\"fr-FR\"}]}<\/script>\n<!-- \/ Yoast SEO plugin. -->","yoast_head_json":{"title":"\u00c9nergie \u00e9olienne et hydrolienne - Wajax | Delstar","description":"Chez Delstar Energie, nous avons \u00e0 c\u0153ur de livrer aux manufacturiers d'\u00e9quipements g\u00e9n\u00e9rateurs d'\u00e9nergie \u00e9olienne et hydrolienne des stators et p\u00f4les de g\u00e9n\u00e9rateurs de tr\u00e8s grande qualit\u00e9 et r\u00e9pondant aux normes les plus exigeantes.","robots":{"index":"index","follow":"follow","max-snippet":"max-snippet:-1","max-image-preview":"max-image-preview:large","max-video-preview":"max-video-preview:-1"},"canonical":"https:\/\/delstarenergie.com\/fr\/energie-eolienne\/","og_locale":"fr_FR","og_type":"article","og_title":"\u00c9nergie \u00e9olienne et hydrolienne - Wajax | Delstar","og_description":"Chez Delstar Energie, nous avons \u00e0 c\u0153ur de livrer aux manufacturiers d'\u00e9quipements g\u00e9n\u00e9rateurs d'\u00e9nergie \u00e9olienne et hydrolienne des stators et p\u00f4les de g\u00e9n\u00e9rateurs de tr\u00e8s grande qualit\u00e9 et r\u00e9pondant aux normes les plus exigeantes.","og_url":"https:\/\/delstarenergie.com\/fr\/energie-eolienne\/","og_site_name":"Wajax | Delstar","article_modified_time":"2024-05-08T13:10:31+00:00","twitter_card":"summary_large_image","twitter_misc":{"Dur\u00e9e de lecture estim\u00e9e":"4 minutes"},"schema":{"@context":"https:\/\/schema.org","@graph":[{"@type":"WebPage","@id":"https:\/\/delstarenergie.com\/fr\/energie-eolienne\/","url":"https:\/\/delstarenergie.com\/fr\/energie-eolienne\/","name":"\u00c9nergie \u00e9olienne et hydrolienne - Wajax | Delstar","isPartOf":{"@id":"https:\/\/delstarenergie.com\/#website"},"datePublished":"2016-04-22T18:07:17+00:00","dateModified":"2024-05-08T13:10:31+00:00","description":"Chez Delstar Energie, nous avons \u00e0 c\u0153ur de livrer aux manufacturiers d'\u00e9quipements g\u00e9n\u00e9rateurs d'\u00e9nergie \u00e9olienne et hydrolienne des stators et p\u00f4les de g\u00e9n\u00e9rateurs de tr\u00e8s grande qualit\u00e9 et r\u00e9pondant aux normes les plus exigeantes.","breadcrumb":{"@id":"https:\/\/delstarenergie.com\/fr\/energie-eolienne\/#breadcrumb"},"inLanguage":"fr-FR","potentialAction":[{"@type":"ReadAction","target":["https:\/\/delstarenergie.com\/fr\/energie-eolienne\/"]}]},{"@type":"BreadcrumbList","@id":"https:\/\/delstarenergie.com\/fr\/energie-eolienne\/#breadcrumb","itemListElement":[{"@type":"ListItem","position":1,"name":"Accueil","item":"https:\/\/delstarenergie.com\/fr\/"},{"@type":"ListItem","position":2,"name":"\u00c9nergie \u00e9olienne et hydrolienne"}]},{"@type":"WebSite","@id":"https:\/\/delstarenergie.com\/#website","url":"https:\/\/delstarenergie.com\/","name":"Wajax | Delstar","description":"Wajax | Delstar","potentialAction":[{"@type":"SearchAction","target":{"@type":"EntryPoint","urlTemplate":"https:\/\/delstarenergie.com\/?s={search_term_string}"},"query-input":{"@type":"PropertyValueSpecification","valueRequired":true,"valueName":"search_term_string"}}],"inLanguage":"fr-FR"}]}},"_links":{"self":[{"href":"https:\/\/delstarenergie.com\/fr\/wp-json\/wp\/v2\/pages\/1088","targetHints":{"allow":["GET"]}}],"collection":[{"href":"https:\/\/delstarenergie.com\/fr\/wp-json\/wp\/v2\/pages"}],"about":[{"href":"https:\/\/delstarenergie.com\/fr\/wp-json\/wp\/v2\/types\/page"}],"author":[{"embeddable":true,"href":"https:\/\/delstarenergie.com\/fr\/wp-json\/wp\/v2\/users\/3"}],"replies":[{"embeddable":true,"href":"https:\/\/delstarenergie.com\/fr\/wp-json\/wp\/v2\/comments?post=1088"}],"version-history":[{"count":22,"href":"https:\/\/delstarenergie.com\/fr\/wp-json\/wp\/v2\/pages\/1088\/revisions"}],"predecessor-version":[{"id":3370,"href":"https:\/\/delstarenergie.com\/fr\/wp-json\/wp\/v2\/pages\/1088\/revisions\/3370"}],"wp:attachment":[{"href":"https:\/\/delstarenergie.com\/fr\/wp-json\/wp\/v2\/media?parent=1088"}],"curies":[{"name":"wp","href":"https:\/\/api.w.org\/{rel}","templated":true}]}}