{"id":578,"date":"2015-06-25T21:47:24","date_gmt":"2015-06-26T01:47:24","guid":{"rendered":"http:\/\/productionspolar.com\/wpDELOM\/?page_id=578"},"modified":"2024-05-08T09:57:51","modified_gmt":"2024-05-08T13:57:51","slug":"accueil-de-wajax-delstar-manufacturier-de-poles-de-rotors","status":"publish","type":"page","link":"https:\/\/delstarenergie.com\/fr\/","title":{"rendered":"Accueil de Wajax | Delstar &#8211; Manufacturier de poles de rotor"},"content":{"rendered":"<div id=\"cs-content\" class=\"cs-content\"><\/div>\n","protected":false},"excerpt":{"rendered":"<p>FABRICATION DE P\u00d4LES DE ROTOR LIEN VERS SECTION AU SERVICE DE L&rsquo;INDUSTRIEHYDRO-\u00c9LECTRIQUE DEPUIS 2001 LIEN VERS SECTION \u00c9NERGIE \u00c9OLIENNE ET HYDROLIENNE LIEN VERS SECTION PROCESSUS DE D\u00c9SAMIANTAGE INNOVATEUR LIEN VERS SECTION FABRICATION ET R\u00c9FECTION DE P\u00d4LES DE ROTOR LIEN VERS SECTION FABRICATION DE BARRES DE CONNEXIONS LIEN VERS SECTION Un manufacturier de p\u00f4les de rotor nord-am\u00e9ricain de confiance! Wajax a &#8230; <a href=\"https:\/\/delstarenergie.com\/fr\/\" class=\"more-link\">Read More<\/a><\/p>\n","protected":false},"author":3,"featured_media":0,"parent":0,"menu_order":0,"comment_status":"closed","ping_status":"closed","template":"","meta":{"footnotes":""},"class_list":["post-578","page","type-page","status-publish","hentry","no-post-thumbnail"],"yoast_head":"<!-- This site is optimized with the Yoast SEO plugin v26.8 - https:\/\/yoast.com\/product\/yoast-seo-wordpress\/ -->\n<title>Accueil de Wajax | Delstar - Manufacturier de poles de rotor - Wajax | Delstar<\/title>\n<meta name=\"description\" content=\"Delstar Energie est un manufacturier de p\u00f4les de rotor nord-am\u00e9ricain offrant ses services aux turbiniers et aux manufacturiers de moteurs \u00e9lectriques partout dans le monde.\" \/>\n<meta name=\"robots\" content=\"index, follow, max-snippet:-1, max-image-preview:large, max-video-preview:-1\" \/>\n<link rel=\"canonical\" href=\"https:\/\/delstarenergie.com\/fr\/\" \/>\n<meta property=\"og:locale\" content=\"fr_FR\" \/>\n<meta property=\"og:type\" content=\"article\" \/>\n<meta property=\"og:title\" content=\"Accueil de Wajax | Delstar - Manufacturier de poles de rotor - Wajax | Delstar\" \/>\n<meta property=\"og:description\" content=\"Delstar Energie est un manufacturier de p\u00f4les de rotor nord-am\u00e9ricain offrant ses services aux turbiniers et aux manufacturiers de moteurs \u00e9lectriques partout dans le monde.\" \/>\n<meta property=\"og:url\" content=\"https:\/\/delstarenergie.com\/fr\/\" \/>\n<meta property=\"og:site_name\" content=\"Wajax | Delstar\" \/>\n<meta property=\"article:modified_time\" content=\"2024-05-08T13:57:51+00:00\" \/>\n<meta name=\"twitter:card\" content=\"summary_large_image\" \/>\n<meta name=\"twitter:label1\" content=\"Dur\u00e9e de lecture estim\u00e9e\" \/>\n\t<meta name=\"twitter:data1\" content=\"16 minutes\" \/>\n<script type=\"application\/ld+json\" class=\"yoast-schema-graph\">{\"@context\":\"https:\/\/schema.org\",\"@graph\":[{\"@type\":\"WebPage\",\"@id\":\"https:\/\/delstarenergie.com\/fr\/\",\"url\":\"https:\/\/delstarenergie.com\/fr\/\",\"name\":\"Accueil de Wajax | Delstar - Manufacturier de poles de rotor - Wajax | Delstar\",\"isPartOf\":{\"@id\":\"https:\/\/delstarenergie.com\/#website\"},\"datePublished\":\"2015-06-26T01:47:24+00:00\",\"dateModified\":\"2024-05-08T13:57:51+00:00\",\"description\":\"Delstar Energie est un manufacturier de p\u00f4les de rotor nord-am\u00e9ricain offrant ses services aux turbiniers et aux manufacturiers de moteurs \u00e9lectriques partout dans le monde.\",\"breadcrumb\":{\"@id\":\"https:\/\/delstarenergie.com\/fr\/#breadcrumb\"},\"inLanguage\":\"fr-FR\",\"potentialAction\":[{\"@type\":\"ReadAction\",\"target\":[\"https:\/\/delstarenergie.com\/fr\/\"]}]},{\"@type\":\"BreadcrumbList\",\"@id\":\"https:\/\/delstarenergie.com\/fr\/#breadcrumb\",\"itemListElement\":[{\"@type\":\"ListItem\",\"position\":1,\"name\":\"Accueil\",\"item\":\"https:\/\/delstarenergie.com\/fr\/\"},{\"@type\":\"ListItem\",\"position\":2,\"name\":\"Accueil de Wajax | Delstar &#8211; Manufacturier de poles de rotor\"}]},{\"@type\":\"WebSite\",\"@id\":\"https:\/\/delstarenergie.com\/#website\",\"url\":\"https:\/\/delstarenergie.com\/\",\"name\":\"Wajax | Delstar\",\"description\":\"Wajax | Delstar\",\"potentialAction\":[{\"@type\":\"SearchAction\",\"target\":{\"@type\":\"EntryPoint\",\"urlTemplate\":\"https:\/\/delstarenergie.com\/?s={search_term_string}\"},\"query-input\":{\"@type\":\"PropertyValueSpecification\",\"valueRequired\":true,\"valueName\":\"search_term_string\"}}],\"inLanguage\":\"fr-FR\"}]}<\/script>\n<!-- \/ Yoast SEO plugin. -->","yoast_head_json":{"title":"Accueil de Wajax | Delstar - Manufacturier de poles de rotor - Wajax | Delstar","description":"Delstar Energie est un manufacturier de p\u00f4les de rotor nord-am\u00e9ricain offrant ses services aux turbiniers et aux manufacturiers de moteurs \u00e9lectriques partout dans le monde.","robots":{"index":"index","follow":"follow","max-snippet":"max-snippet:-1","max-image-preview":"max-image-preview:large","max-video-preview":"max-video-preview:-1"},"canonical":"https:\/\/delstarenergie.com\/fr\/","og_locale":"fr_FR","og_type":"article","og_title":"Accueil de Wajax | Delstar - Manufacturier de poles de rotor - Wajax | Delstar","og_description":"Delstar Energie est un manufacturier de p\u00f4les de rotor nord-am\u00e9ricain offrant ses services aux turbiniers et aux manufacturiers de moteurs \u00e9lectriques partout dans le monde.","og_url":"https:\/\/delstarenergie.com\/fr\/","og_site_name":"Wajax | Delstar","article_modified_time":"2024-05-08T13:57:51+00:00","twitter_card":"summary_large_image","twitter_misc":{"Dur\u00e9e de lecture estim\u00e9e":"16 minutes"},"schema":{"@context":"https:\/\/schema.org","@graph":[{"@type":"WebPage","@id":"https:\/\/delstarenergie.com\/fr\/","url":"https:\/\/delstarenergie.com\/fr\/","name":"Accueil de Wajax | Delstar - Manufacturier de poles de rotor - Wajax | Delstar","isPartOf":{"@id":"https:\/\/delstarenergie.com\/#website"},"datePublished":"2015-06-26T01:47:24+00:00","dateModified":"2024-05-08T13:57:51+00:00","description":"Delstar Energie est un manufacturier de p\u00f4les de rotor nord-am\u00e9ricain offrant ses services aux turbiniers et aux manufacturiers de moteurs \u00e9lectriques partout dans le monde.","breadcrumb":{"@id":"https:\/\/delstarenergie.com\/fr\/#breadcrumb"},"inLanguage":"fr-FR","potentialAction":[{"@type":"ReadAction","target":["https:\/\/delstarenergie.com\/fr\/"]}]},{"@type":"BreadcrumbList","@id":"https:\/\/delstarenergie.com\/fr\/#breadcrumb","itemListElement":[{"@type":"ListItem","position":1,"name":"Accueil","item":"https:\/\/delstarenergie.com\/fr\/"},{"@type":"ListItem","position":2,"name":"Accueil de Wajax | Delstar &#8211; Manufacturier de poles de rotor"}]},{"@type":"WebSite","@id":"https:\/\/delstarenergie.com\/#website","url":"https:\/\/delstarenergie.com\/","name":"Wajax | Delstar","description":"Wajax | Delstar","potentialAction":[{"@type":"SearchAction","target":{"@type":"EntryPoint","urlTemplate":"https:\/\/delstarenergie.com\/?s={search_term_string}"},"query-input":{"@type":"PropertyValueSpecification","valueRequired":true,"valueName":"search_term_string"}}],"inLanguage":"fr-FR"}]}},"_links":{"self":[{"href":"https:\/\/delstarenergie.com\/fr\/wp-json\/wp\/v2\/pages\/578","targetHints":{"allow":["GET"]}}],"collection":[{"href":"https:\/\/delstarenergie.com\/fr\/wp-json\/wp\/v2\/pages"}],"about":[{"href":"https:\/\/delstarenergie.com\/fr\/wp-json\/wp\/v2\/types\/page"}],"author":[{"embeddable":true,"href":"https:\/\/delstarenergie.com\/fr\/wp-json\/wp\/v2\/users\/3"}],"replies":[{"embeddable":true,"href":"https:\/\/delstarenergie.com\/fr\/wp-json\/wp\/v2\/comments?post=578"}],"version-history":[{"count":251,"href":"https:\/\/delstarenergie.com\/fr\/wp-json\/wp\/v2\/pages\/578\/revisions"}],"predecessor-version":[{"id":3410,"href":"https:\/\/delstarenergie.com\/fr\/wp-json\/wp\/v2\/pages\/578\/revisions\/3410"}],"wp:attachment":[{"href":"https:\/\/delstarenergie.com\/fr\/wp-json\/wp\/v2\/media?parent=578"}],"curies":[{"name":"wp","href":"https:\/\/api.w.org\/{rel}","templated":true}]}}