{"id":620,"date":"2015-07-07T15:54:27","date_gmt":"2015-07-07T19:54:27","guid":{"rendered":"http:\/\/productionspolar.com\/wpDELOM\/?page_id=620"},"modified":"2024-05-08T09:34:06","modified_gmt":"2024-05-08T13:34:06","slug":"contact","status":"publish","type":"page","link":"https:\/\/delstarenergie.com\/fr\/contact\/","title":{"rendered":"Contact"},"content":{"rendered":"<div id=\"cs-content\" class=\"cs-content\"><\/div>\n","protected":false},"excerpt":{"rendered":"<p>Contactez-nous Wajax | Delstar, votre expert pour la r\u00e9fection et la fabrication de p\u00f4les de rotor! Il nous fera plaisir de r\u00e9pondre \u00e0 toutes vos questions. N\u2019h\u00e9sitez pas \u00e0 nous contacter. Wajax | Delstar 12885 Jean-Grou, Montr\u00e9al, Qu\u00e9bec, Canada H1A 3N6 T\u00e9l\u00e9phone : +1 514 642-8222 Votre nom (obligatoire) Votre email (obligatoire) Compagnie Votre message Veuillez prouver que vous \u00eates &#8230; <a href=\"https:\/\/delstarenergie.com\/fr\/contact\/\" class=\"more-link\">Read More<\/a><\/p>\n","protected":false},"author":3,"featured_media":0,"parent":0,"menu_order":0,"comment_status":"closed","ping_status":"closed","template":"","meta":{"footnotes":""},"class_list":["post-620","page","type-page","status-publish","hentry","no-post-thumbnail"],"yoast_head":"<!-- This site is optimized with the Yoast SEO plugin v26.8 - https:\/\/yoast.com\/product\/yoast-seo-wordpress\/ -->\n<title>Contact - Wajax | Delstar<\/title>\n<meta name=\"robots\" content=\"index, follow, max-snippet:-1, max-image-preview:large, max-video-preview:-1\" \/>\n<link rel=\"canonical\" href=\"https:\/\/delstarenergie.com\/fr\/contact\/\" \/>\n<meta property=\"og:locale\" content=\"fr_FR\" \/>\n<meta property=\"og:type\" content=\"article\" \/>\n<meta property=\"og:title\" content=\"Contact - Wajax | Delstar\" \/>\n<meta property=\"og:description\" content=\"Contactez-nous Wajax | Delstar, votre expert pour la r\u00e9fection et la fabrication de p\u00f4les de rotor! Il nous fera plaisir de r\u00e9pondre \u00e0 toutes vos questions. N\u2019h\u00e9sitez pas \u00e0 nous contacter. Wajax | Delstar 12885 Jean-Grou, Montr\u00e9al, Qu\u00e9bec, Canada H1A 3N6 T\u00e9l\u00e9phone : +1 514 642-8222 Votre nom (obligatoire) Votre email (obligatoire) Compagnie Votre message Veuillez prouver que vous \u00eates ... Read More\" \/>\n<meta property=\"og:url\" content=\"https:\/\/delstarenergie.com\/fr\/contact\/\" \/>\n<meta property=\"og:site_name\" content=\"Wajax | Delstar\" \/>\n<meta property=\"article:modified_time\" content=\"2024-05-08T13:34:06+00:00\" \/>\n<meta name=\"twitter:card\" content=\"summary_large_image\" \/>\n<meta name=\"twitter:label1\" content=\"Dur\u00e9e de lecture estim\u00e9e\" \/>\n\t<meta name=\"twitter:data1\" content=\"3 minutes\" \/>\n<script type=\"application\/ld+json\" class=\"yoast-schema-graph\">{\"@context\":\"https:\/\/schema.org\",\"@graph\":[{\"@type\":\"WebPage\",\"@id\":\"https:\/\/delstarenergie.com\/fr\/contact\/\",\"url\":\"https:\/\/delstarenergie.com\/fr\/contact\/\",\"name\":\"Contact - Wajax | Delstar\",\"isPartOf\":{\"@id\":\"https:\/\/delstarenergie.com\/#website\"},\"datePublished\":\"2015-07-07T19:54:27+00:00\",\"dateModified\":\"2024-05-08T13:34:06+00:00\",\"breadcrumb\":{\"@id\":\"https:\/\/delstarenergie.com\/fr\/contact\/#breadcrumb\"},\"inLanguage\":\"fr-FR\",\"potentialAction\":[{\"@type\":\"ReadAction\",\"target\":[\"https:\/\/delstarenergie.com\/fr\/contact\/\"]}]},{\"@type\":\"BreadcrumbList\",\"@id\":\"https:\/\/delstarenergie.com\/fr\/contact\/#breadcrumb\",\"itemListElement\":[{\"@type\":\"ListItem\",\"position\":1,\"name\":\"Accueil\",\"item\":\"https:\/\/delstarenergie.com\/fr\/\"},{\"@type\":\"ListItem\",\"position\":2,\"name\":\"Contact\"}]},{\"@type\":\"WebSite\",\"@id\":\"https:\/\/delstarenergie.com\/#website\",\"url\":\"https:\/\/delstarenergie.com\/\",\"name\":\"Wajax | Delstar\",\"description\":\"Wajax | Delstar\",\"potentialAction\":[{\"@type\":\"SearchAction\",\"target\":{\"@type\":\"EntryPoint\",\"urlTemplate\":\"https:\/\/delstarenergie.com\/?s={search_term_string}\"},\"query-input\":{\"@type\":\"PropertyValueSpecification\",\"valueRequired\":true,\"valueName\":\"search_term_string\"}}],\"inLanguage\":\"fr-FR\"}]}<\/script>\n<!-- \/ Yoast SEO plugin. -->","yoast_head_json":{"title":"Contact - Wajax | Delstar","robots":{"index":"index","follow":"follow","max-snippet":"max-snippet:-1","max-image-preview":"max-image-preview:large","max-video-preview":"max-video-preview:-1"},"canonical":"https:\/\/delstarenergie.com\/fr\/contact\/","og_locale":"fr_FR","og_type":"article","og_title":"Contact - Wajax | Delstar","og_description":"Contactez-nous Wajax | Delstar, votre expert pour la r\u00e9fection et la fabrication de p\u00f4les de rotor! Il nous fera plaisir de r\u00e9pondre \u00e0 toutes vos questions. N\u2019h\u00e9sitez pas \u00e0 nous contacter. Wajax | Delstar 12885 Jean-Grou, Montr\u00e9al, Qu\u00e9bec, Canada H1A 3N6 T\u00e9l\u00e9phone : +1 514 642-8222 Votre nom (obligatoire) Votre email (obligatoire) Compagnie Votre message Veuillez prouver que vous \u00eates ... Read More","og_url":"https:\/\/delstarenergie.com\/fr\/contact\/","og_site_name":"Wajax | Delstar","article_modified_time":"2024-05-08T13:34:06+00:00","twitter_card":"summary_large_image","twitter_misc":{"Dur\u00e9e de lecture estim\u00e9e":"3 minutes"},"schema":{"@context":"https:\/\/schema.org","@graph":[{"@type":"WebPage","@id":"https:\/\/delstarenergie.com\/fr\/contact\/","url":"https:\/\/delstarenergie.com\/fr\/contact\/","name":"Contact - Wajax | Delstar","isPartOf":{"@id":"https:\/\/delstarenergie.com\/#website"},"datePublished":"2015-07-07T19:54:27+00:00","dateModified":"2024-05-08T13:34:06+00:00","breadcrumb":{"@id":"https:\/\/delstarenergie.com\/fr\/contact\/#breadcrumb"},"inLanguage":"fr-FR","potentialAction":[{"@type":"ReadAction","target":["https:\/\/delstarenergie.com\/fr\/contact\/"]}]},{"@type":"BreadcrumbList","@id":"https:\/\/delstarenergie.com\/fr\/contact\/#breadcrumb","itemListElement":[{"@type":"ListItem","position":1,"name":"Accueil","item":"https:\/\/delstarenergie.com\/fr\/"},{"@type":"ListItem","position":2,"name":"Contact"}]},{"@type":"WebSite","@id":"https:\/\/delstarenergie.com\/#website","url":"https:\/\/delstarenergie.com\/","name":"Wajax | Delstar","description":"Wajax | Delstar","potentialAction":[{"@type":"SearchAction","target":{"@type":"EntryPoint","urlTemplate":"https:\/\/delstarenergie.com\/?s={search_term_string}"},"query-input":{"@type":"PropertyValueSpecification","valueRequired":true,"valueName":"search_term_string"}}],"inLanguage":"fr-FR"}]}},"_links":{"self":[{"href":"https:\/\/delstarenergie.com\/fr\/wp-json\/wp\/v2\/pages\/620","targetHints":{"allow":["GET"]}}],"collection":[{"href":"https:\/\/delstarenergie.com\/fr\/wp-json\/wp\/v2\/pages"}],"about":[{"href":"https:\/\/delstarenergie.com\/fr\/wp-json\/wp\/v2\/types\/page"}],"author":[{"embeddable":true,"href":"https:\/\/delstarenergie.com\/fr\/wp-json\/wp\/v2\/users\/3"}],"replies":[{"embeddable":true,"href":"https:\/\/delstarenergie.com\/fr\/wp-json\/wp\/v2\/comments?post=620"}],"version-history":[{"count":30,"href":"https:\/\/delstarenergie.com\/fr\/wp-json\/wp\/v2\/pages\/620\/revisions"}],"predecessor-version":[{"id":3399,"href":"https:\/\/delstarenergie.com\/fr\/wp-json\/wp\/v2\/pages\/620\/revisions\/3399"}],"wp:attachment":[{"href":"https:\/\/delstarenergie.com\/fr\/wp-json\/wp\/v2\/media?parent=620"}],"curies":[{"name":"wp","href":"https:\/\/api.w.org\/{rel}","templated":true}]}}